{"id":177,"date":"2025-03-14T21:24:25","date_gmt":"2025-03-14T21:24:25","guid":{"rendered":"https:\/\/akademiajudogliwice.pl\/?page_id=177"},"modified":"2025-03-14T21:24:25","modified_gmt":"2025-03-14T21:24:25","slug":"kontakt","status":"publish","type":"page","link":"https:\/\/akademiajudogliwice.pl\/index.php\/kontakt\/","title":{"rendered":"Kontakt"},"content":{"rendered":"\n<p>Stowarzyszenie Akademia Sportowa Gliwice<\/p>\n\n\n\n<p>Akademia Judo Gliwice<\/p>\n\n\n\n<p>ul. Jasna 31<\/p>\n\n\n\n<p>44-100 Gliwice<\/p>\n\n\n\n<p><\/p>\n\n\n\n<p>email: judogliwice@gmail.com<\/p>\n\n\n\n<p>tel: 509 739 989, 796 179 795, <\/p>\n\n\n\n<p><\/p>\n","protected":false},"excerpt":{"rendered":"<p>Stowarzyszenie Akademia Sportowa Gliwice Akademia Judo Gliwice ul. Jasna 31 44-100 Gliwice email: judogliwice@gmail.com tel: 509 739 989, 796 179 795,<\/p>\n","protected":false},"author":1,"featured_media":0,"parent":0,"menu_order":0,"comment_status":"closed","ping_status":"closed","template":"","meta":{"footnotes":""},"class_list":["post-177","page","type-page","status-publish","hentry"],"yoast_head":"<!-- This site is optimized with the Yoast SEO plugin v26.8 - https:\/\/yoast.com\/product\/yoast-seo-wordpress\/ -->\n<title>Kontakt - Akademia Judo Gliwice<\/title>\n<meta name=\"description\" content=\"Najlepszym si\u0119 stajesz, a nie rodzisz\u201d to my\u015bl przewodnia naszego klubu. Akademia to miejsce gdzie nie tylko wa\u017cny jest sport, ale przede wszystkim rozw\u00f3j fizyczny i mentalny. Nasz\u0105 pasj\u0105 do judo i sportu chcemy zarazi\u0107 dzieci i m\u0142odzie\u017c, a tak\u017ce doros\u0142ych \u2013 chcemy wsp\u00f3lnie stworzy\u0107 sportow\u0105 rodzin\u0119!\" \/>\n<meta name=\"robots\" content=\"index, follow, max-snippet:-1, max-image-preview:large, max-video-preview:-1\" \/>\n<link rel=\"canonical\" href=\"https:\/\/akademiajudogliwice.pl\/index.php\/kontakt\/\" \/>\n<meta property=\"og:locale\" content=\"pl_PL\" \/>\n<meta property=\"og:type\" content=\"article\" \/>\n<meta property=\"og:title\" content=\"Kontakt - Akademia Judo Gliwice\" \/>\n<meta property=\"og:description\" content=\"Najlepszym si\u0119 stajesz, a nie rodzisz\u201d to my\u015bl przewodnia naszego klubu. Akademia to miejsce gdzie nie tylko wa\u017cny jest sport, ale przede wszystkim rozw\u00f3j fizyczny i mentalny. Nasz\u0105 pasj\u0105 do judo i sportu chcemy zarazi\u0107 dzieci i m\u0142odzie\u017c, a tak\u017ce doros\u0142ych \u2013 chcemy wsp\u00f3lnie stworzy\u0107 sportow\u0105 rodzin\u0119!\" \/>\n<meta property=\"og:url\" content=\"https:\/\/akademiajudogliwice.pl\/index.php\/kontakt\/\" \/>\n<meta property=\"og:site_name\" content=\"Akademia Judo Gliwice\" \/>\n<meta property=\"article:publisher\" content=\"https:\/\/www.facebook.com\/profile.php?id=61550860551489\" \/>\n<meta property=\"og:image\" content=\"https:\/\/akademiajudogliwice.pl\/wp-content\/uploads\/2025\/03\/akademia-judo-gliwice-logo.png\" \/>\n\t<meta property=\"og:image:width\" content=\"939\" \/>\n\t<meta property=\"og:image:height\" content=\"855\" \/>\n\t<meta property=\"og:image:type\" content=\"image\/png\" \/>\n<meta name=\"twitter:card\" content=\"summary_large_image\" \/>\n<meta name=\"twitter:label1\" content=\"Szacowany czas czytania\" \/>\n\t<meta name=\"twitter:data1\" content=\"1 minuta\" \/>\n<script type=\"application\/ld+json\" class=\"yoast-schema-graph\">{\"@context\":\"https:\/\/schema.org\",\"@graph\":[{\"@type\":\"WebPage\",\"@id\":\"https:\/\/akademiajudogliwice.pl\/index.php\/kontakt\/\",\"url\":\"https:\/\/akademiajudogliwice.pl\/index.php\/kontakt\/\",\"name\":\"Kontakt - Akademia Judo Gliwice\",\"isPartOf\":{\"@id\":\"http:\/\/akademiajudogliwice.pl\/#website\"},\"datePublished\":\"2025-03-14T21:24:25+00:00\",\"description\":\"Najlepszym si\u0119 stajesz, a nie rodzisz\u201d to my\u015bl przewodnia naszego klubu. Akademia to miejsce gdzie nie tylko wa\u017cny jest sport, ale przede wszystkim rozw\u00f3j fizyczny i mentalny. Nasz\u0105 pasj\u0105 do judo i sportu chcemy zarazi\u0107 dzieci i m\u0142odzie\u017c, a tak\u017ce doros\u0142ych \u2013 chcemy wsp\u00f3lnie stworzy\u0107 sportow\u0105 rodzin\u0119!\",\"breadcrumb\":{\"@id\":\"https:\/\/akademiajudogliwice.pl\/index.php\/kontakt\/#breadcrumb\"},\"inLanguage\":\"pl-PL\",\"potentialAction\":[{\"@type\":\"ReadAction\",\"target\":[\"https:\/\/akademiajudogliwice.pl\/index.php\/kontakt\/\"]}]},{\"@type\":\"BreadcrumbList\",\"@id\":\"https:\/\/akademiajudogliwice.pl\/index.php\/kontakt\/#breadcrumb\",\"itemListElement\":[{\"@type\":\"ListItem\",\"position\":1,\"name\":\"Strona g\u0142\u00f3wna\",\"item\":\"http:\/\/akademiajudogliwice.pl\/\"},{\"@type\":\"ListItem\",\"position\":2,\"name\":\"Kontakt\"}]},{\"@type\":\"WebSite\",\"@id\":\"http:\/\/akademiajudogliwice.pl\/#website\",\"url\":\"http:\/\/akademiajudogliwice.pl\/\",\"name\":\"Akademia Judo Gliwice\",\"description\":\"Oficjalna strona klubu judo: Stowarzyszenie Akademia Sportowa Gliwice\",\"publisher\":{\"@id\":\"http:\/\/akademiajudogliwice.pl\/#organization\"},\"potentialAction\":[{\"@type\":\"SearchAction\",\"target\":{\"@type\":\"EntryPoint\",\"urlTemplate\":\"http:\/\/akademiajudogliwice.pl\/?s={search_term_string}\"},\"query-input\":{\"@type\":\"PropertyValueSpecification\",\"valueRequired\":true,\"valueName\":\"search_term_string\"}}],\"inLanguage\":\"pl-PL\"},{\"@type\":\"Organization\",\"@id\":\"http:\/\/akademiajudogliwice.pl\/#organization\",\"name\":\"Akademia Judo Gliwice\",\"url\":\"http:\/\/akademiajudogliwice.pl\/\",\"logo\":{\"@type\":\"ImageObject\",\"inLanguage\":\"pl-PL\",\"@id\":\"http:\/\/akademiajudogliwice.pl\/#\/schema\/logo\/image\/\",\"url\":\"https:\/\/akademiajudogliwice.pl\/wp-content\/uploads\/2025\/03\/akademia-judo-gliwice-logo.png\",\"contentUrl\":\"https:\/\/akademiajudogliwice.pl\/wp-content\/uploads\/2025\/03\/akademia-judo-gliwice-logo.png\",\"width\":939,\"height\":855,\"caption\":\"Akademia Judo Gliwice\"},\"image\":{\"@id\":\"http:\/\/akademiajudogliwice.pl\/#\/schema\/logo\/image\/\"},\"sameAs\":[\"https:\/\/www.facebook.com\/profile.php?id=61550860551489\"]}]}<\/script>\n<!-- \/ Yoast SEO plugin. -->","yoast_head_json":{"title":"Kontakt - Akademia Judo Gliwice","description":"Najlepszym si\u0119 stajesz, a nie rodzisz\u201d to my\u015bl przewodnia naszego klubu. Akademia to miejsce gdzie nie tylko wa\u017cny jest sport, ale przede wszystkim rozw\u00f3j fizyczny i mentalny. Nasz\u0105 pasj\u0105 do judo i sportu chcemy zarazi\u0107 dzieci i m\u0142odzie\u017c, a tak\u017ce doros\u0142ych \u2013 chcemy wsp\u00f3lnie stworzy\u0107 sportow\u0105 rodzin\u0119!","robots":{"index":"index","follow":"follow","max-snippet":"max-snippet:-1","max-image-preview":"max-image-preview:large","max-video-preview":"max-video-preview:-1"},"canonical":"https:\/\/akademiajudogliwice.pl\/index.php\/kontakt\/","og_locale":"pl_PL","og_type":"article","og_title":"Kontakt - Akademia Judo Gliwice","og_description":"Najlepszym si\u0119 stajesz, a nie rodzisz\u201d to my\u015bl przewodnia naszego klubu. Akademia to miejsce gdzie nie tylko wa\u017cny jest sport, ale przede wszystkim rozw\u00f3j fizyczny i mentalny. Nasz\u0105 pasj\u0105 do judo i sportu chcemy zarazi\u0107 dzieci i m\u0142odzie\u017c, a tak\u017ce doros\u0142ych \u2013 chcemy wsp\u00f3lnie stworzy\u0107 sportow\u0105 rodzin\u0119!","og_url":"https:\/\/akademiajudogliwice.pl\/index.php\/kontakt\/","og_site_name":"Akademia Judo Gliwice","article_publisher":"https:\/\/www.facebook.com\/profile.php?id=61550860551489","og_image":[{"width":939,"height":855,"url":"https:\/\/akademiajudogliwice.pl\/wp-content\/uploads\/2025\/03\/akademia-judo-gliwice-logo.png","type":"image\/png"}],"twitter_card":"summary_large_image","twitter_misc":{"Szacowany czas czytania":"1 minuta"},"schema":{"@context":"https:\/\/schema.org","@graph":[{"@type":"WebPage","@id":"https:\/\/akademiajudogliwice.pl\/index.php\/kontakt\/","url":"https:\/\/akademiajudogliwice.pl\/index.php\/kontakt\/","name":"Kontakt - Akademia Judo Gliwice","isPartOf":{"@id":"http:\/\/akademiajudogliwice.pl\/#website"},"datePublished":"2025-03-14T21:24:25+00:00","description":"Najlepszym si\u0119 stajesz, a nie rodzisz\u201d to my\u015bl przewodnia naszego klubu. Akademia to miejsce gdzie nie tylko wa\u017cny jest sport, ale przede wszystkim rozw\u00f3j fizyczny i mentalny. Nasz\u0105 pasj\u0105 do judo i sportu chcemy zarazi\u0107 dzieci i m\u0142odzie\u017c, a tak\u017ce doros\u0142ych \u2013 chcemy wsp\u00f3lnie stworzy\u0107 sportow\u0105 rodzin\u0119!","breadcrumb":{"@id":"https:\/\/akademiajudogliwice.pl\/index.php\/kontakt\/#breadcrumb"},"inLanguage":"pl-PL","potentialAction":[{"@type":"ReadAction","target":["https:\/\/akademiajudogliwice.pl\/index.php\/kontakt\/"]}]},{"@type":"BreadcrumbList","@id":"https:\/\/akademiajudogliwice.pl\/index.php\/kontakt\/#breadcrumb","itemListElement":[{"@type":"ListItem","position":1,"name":"Strona g\u0142\u00f3wna","item":"http:\/\/akademiajudogliwice.pl\/"},{"@type":"ListItem","position":2,"name":"Kontakt"}]},{"@type":"WebSite","@id":"http:\/\/akademiajudogliwice.pl\/#website","url":"http:\/\/akademiajudogliwice.pl\/","name":"Akademia Judo Gliwice","description":"Oficjalna strona klubu judo: Stowarzyszenie Akademia Sportowa Gliwice","publisher":{"@id":"http:\/\/akademiajudogliwice.pl\/#organization"},"potentialAction":[{"@type":"SearchAction","target":{"@type":"EntryPoint","urlTemplate":"http:\/\/akademiajudogliwice.pl\/?s={search_term_string}"},"query-input":{"@type":"PropertyValueSpecification","valueRequired":true,"valueName":"search_term_string"}}],"inLanguage":"pl-PL"},{"@type":"Organization","@id":"http:\/\/akademiajudogliwice.pl\/#organization","name":"Akademia Judo Gliwice","url":"http:\/\/akademiajudogliwice.pl\/","logo":{"@type":"ImageObject","inLanguage":"pl-PL","@id":"http:\/\/akademiajudogliwice.pl\/#\/schema\/logo\/image\/","url":"https:\/\/akademiajudogliwice.pl\/wp-content\/uploads\/2025\/03\/akademia-judo-gliwice-logo.png","contentUrl":"https:\/\/akademiajudogliwice.pl\/wp-content\/uploads\/2025\/03\/akademia-judo-gliwice-logo.png","width":939,"height":855,"caption":"Akademia Judo Gliwice"},"image":{"@id":"http:\/\/akademiajudogliwice.pl\/#\/schema\/logo\/image\/"},"sameAs":["https:\/\/www.facebook.com\/profile.php?id=61550860551489"]}]}},"_links":{"self":[{"href":"https:\/\/akademiajudogliwice.pl\/index.php\/wp-json\/wp\/v2\/pages\/177","targetHints":{"allow":["GET"]}}],"collection":[{"href":"https:\/\/akademiajudogliwice.pl\/index.php\/wp-json\/wp\/v2\/pages"}],"about":[{"href":"https:\/\/akademiajudogliwice.pl\/index.php\/wp-json\/wp\/v2\/types\/page"}],"author":[{"embeddable":true,"href":"https:\/\/akademiajudogliwice.pl\/index.php\/wp-json\/wp\/v2\/users\/1"}],"replies":[{"embeddable":true,"href":"https:\/\/akademiajudogliwice.pl\/index.php\/wp-json\/wp\/v2\/comments?post=177"}],"version-history":[{"count":1,"href":"https:\/\/akademiajudogliwice.pl\/index.php\/wp-json\/wp\/v2\/pages\/177\/revisions"}],"predecessor-version":[{"id":178,"href":"https:\/\/akademiajudogliwice.pl\/index.php\/wp-json\/wp\/v2\/pages\/177\/revisions\/178"}],"wp:attachment":[{"href":"https:\/\/akademiajudogliwice.pl\/index.php\/wp-json\/wp\/v2\/media?parent=177"}],"curies":[{"name":"wp","href":"https:\/\/api.w.org\/{rel}","templated":true}]}}