{"id":165,"date":"2025-03-14T21:20:09","date_gmt":"2025-03-14T21:20:09","guid":{"rendered":"https:\/\/akademiajudogliwice.pl\/?page_id=165"},"modified":"2025-03-14T21:20:09","modified_gmt":"2025-03-14T21:20:09","slug":"galeria","status":"publish","type":"page","link":"https:\/\/akademiajudogliwice.pl\/index.php\/galeria\/","title":{"rendered":"Galeria"},"content":{"rendered":"\n<figure class=\"wp-block-gallery has-nested-images columns-default is-cropped wp-block-gallery-1 is-layout-flex wp-block-gallery-is-layout-flex\">\n<figure class=\"wp-block-image size-large\"><img loading=\"lazy\" decoding=\"async\" width=\"768\" height=\"1024\" data-id=\"137\" src=\"https:\/\/akademiajudogliwice.pl\/wp-content\/uploads\/2025\/03\/469203607_122211560168028685_7059668964385668855_n-1-768x1024.jpg\" alt=\"\" class=\"wp-image-137\" srcset=\"https:\/\/akademiajudogliwice.pl\/wp-content\/uploads\/2025\/03\/469203607_122211560168028685_7059668964385668855_n-1-768x1024.jpg 768w, https:\/\/akademiajudogliwice.pl\/wp-content\/uploads\/2025\/03\/469203607_122211560168028685_7059668964385668855_n-1-225x300.jpg 225w, https:\/\/akademiajudogliwice.pl\/wp-content\/uploads\/2025\/03\/469203607_122211560168028685_7059668964385668855_n-1-1152x1536.jpg 1152w, https:\/\/akademiajudogliwice.pl\/wp-content\/uploads\/2025\/03\/469203607_122211560168028685_7059668964385668855_n-1.jpg 1536w\" sizes=\"auto, (max-width: 768px) 100vw, 768px\" \/><\/figure>\n\n\n\n<figure class=\"wp-block-image size-large\"><img loading=\"lazy\" decoding=\"async\" width=\"768\" height=\"1024\" data-id=\"135\" src=\"https:\/\/akademiajudogliwice.pl\/wp-content\/uploads\/2025\/03\/472094343_122215284578028685_6609911989097244291_n.jpg\" alt=\"\" class=\"wp-image-135\" srcset=\"https:\/\/akademiajudogliwice.pl\/wp-content\/uploads\/2025\/03\/472094343_122215284578028685_6609911989097244291_n.jpg 768w, https:\/\/akademiajudogliwice.pl\/wp-content\/uploads\/2025\/03\/472094343_122215284578028685_6609911989097244291_n-225x300.jpg 225w\" sizes=\"auto, (max-width: 768px) 100vw, 768px\" \/><\/figure>\n\n\n\n<figure class=\"wp-block-image size-large\"><img loading=\"lazy\" decoding=\"async\" width=\"1024\" height=\"768\" data-id=\"133\" src=\"https:\/\/akademiajudogliwice.pl\/wp-content\/uploads\/2025\/03\/447761238_122179959512028685_1622305125771752278_n-1024x768.jpg\" alt=\"\" class=\"wp-image-133\" srcset=\"https:\/\/akademiajudogliwice.pl\/wp-content\/uploads\/2025\/03\/447761238_122179959512028685_1622305125771752278_n-1024x768.jpg 1024w, https:\/\/akademiajudogliwice.pl\/wp-content\/uploads\/2025\/03\/447761238_122179959512028685_1622305125771752278_n-300x225.jpg 300w, https:\/\/akademiajudogliwice.pl\/wp-content\/uploads\/2025\/03\/447761238_122179959512028685_1622305125771752278_n-768x576.jpg 768w, https:\/\/akademiajudogliwice.pl\/wp-content\/uploads\/2025\/03\/447761238_122179959512028685_1622305125771752278_n-1536x1152.jpg 1536w, https:\/\/akademiajudogliwice.pl\/wp-content\/uploads\/2025\/03\/447761238_122179959512028685_1622305125771752278_n.jpg 2048w\" sizes=\"auto, (max-width: 1024px) 100vw, 1024px\" \/><\/figure>\n\n\n\n<figure class=\"wp-block-image size-large\"><img loading=\"lazy\" decoding=\"async\" width=\"1024\" height=\"577\" data-id=\"132\" src=\"https:\/\/akademiajudogliwice.pl\/wp-content\/uploads\/2025\/03\/445368704_122178642686028685_4529507676406971331_n-1024x577.jpg\" alt=\"\" class=\"wp-image-132\" srcset=\"https:\/\/akademiajudogliwice.pl\/wp-content\/uploads\/2025\/03\/445368704_122178642686028685_4529507676406971331_n-1024x577.jpg 1024w, https:\/\/akademiajudogliwice.pl\/wp-content\/uploads\/2025\/03\/445368704_122178642686028685_4529507676406971331_n-300x169.jpg 300w, https:\/\/akademiajudogliwice.pl\/wp-content\/uploads\/2025\/03\/445368704_122178642686028685_4529507676406971331_n-768x432.jpg 768w, https:\/\/akademiajudogliwice.pl\/wp-content\/uploads\/2025\/03\/445368704_122178642686028685_4529507676406971331_n-1536x865.jpg 1536w, https:\/\/akademiajudogliwice.pl\/wp-content\/uploads\/2025\/03\/445368704_122178642686028685_4529507676406971331_n.jpg 2048w\" sizes=\"auto, (max-width: 1024px) 100vw, 1024px\" \/><\/figure>\n\n\n\n<figure class=\"wp-block-image size-large\"><img loading=\"lazy\" decoding=\"async\" width=\"1024\" height=\"768\" data-id=\"29\" src=\"https:\/\/akademiajudogliwice.pl\/wp-content\/uploads\/2025\/03\/408535838_122144081060028685_821584303187010866_n.jpg\" alt=\"\" class=\"wp-image-29\" srcset=\"https:\/\/akademiajudogliwice.pl\/wp-content\/uploads\/2025\/03\/408535838_122144081060028685_821584303187010866_n.jpg 1024w, https:\/\/akademiajudogliwice.pl\/wp-content\/uploads\/2025\/03\/408535838_122144081060028685_821584303187010866_n-300x225.jpg 300w, https:\/\/akademiajudogliwice.pl\/wp-content\/uploads\/2025\/03\/408535838_122144081060028685_821584303187010866_n-768x576.jpg 768w\" sizes=\"auto, (max-width: 1024px) 100vw, 1024px\" \/><\/figure>\n\n\n\n<figure class=\"wp-block-image size-large\"><img loading=\"lazy\" decoding=\"async\" width=\"1024\" height=\"898\" data-id=\"24\" src=\"https:\/\/akademiajudogliwice.pl\/wp-content\/uploads\/2025\/03\/1-1024x898.png\" alt=\"\" class=\"wp-image-24\" srcset=\"https:\/\/akademiajudogliwice.pl\/wp-content\/uploads\/2025\/03\/1-1024x898.png 1024w, https:\/\/akademiajudogliwice.pl\/wp-content\/uploads\/2025\/03\/1-300x263.png 300w, https:\/\/akademiajudogliwice.pl\/wp-content\/uploads\/2025\/03\/1-768x674.png 768w, https:\/\/akademiajudogliwice.pl\/wp-content\/uploads\/2025\/03\/1.png 1092w\" sizes=\"auto, (max-width: 1024px) 100vw, 1024px\" \/><\/figure>\n\n\n\n<figure class=\"wp-block-image size-large\"><img loading=\"lazy\" decoding=\"async\" width=\"1024\" height=\"768\" data-id=\"9\" src=\"https:\/\/akademiajudogliwice.pl\/wp-content\/uploads\/2025\/03\/420405870_122168194574028685_473687155821267300_n-1024x768.jpg\" alt=\"\" class=\"wp-image-9\" srcset=\"https:\/\/akademiajudogliwice.pl\/wp-content\/uploads\/2025\/03\/420405870_122168194574028685_473687155821267300_n-1024x768.jpg 1024w, https:\/\/akademiajudogliwice.pl\/wp-content\/uploads\/2025\/03\/420405870_122168194574028685_473687155821267300_n-300x225.jpg 300w, https:\/\/akademiajudogliwice.pl\/wp-content\/uploads\/2025\/03\/420405870_122168194574028685_473687155821267300_n-768x576.jpg 768w, https:\/\/akademiajudogliwice.pl\/wp-content\/uploads\/2025\/03\/420405870_122168194574028685_473687155821267300_n-1536x1152.jpg 1536w, https:\/\/akademiajudogliwice.pl\/wp-content\/uploads\/2025\/03\/420405870_122168194574028685_473687155821267300_n.jpg 2048w\" sizes=\"auto, (max-width: 1024px) 100vw, 1024px\" \/><\/figure>\n\n\n\n<figure class=\"wp-block-image size-large\"><img loading=\"lazy\" decoding=\"async\" width=\"1024\" height=\"768\" data-id=\"166\" src=\"https:\/\/akademiajudogliwice.pl\/wp-content\/uploads\/2025\/03\/481008257_122223949058028685_972187865497818889_n-1024x768.jpg\" alt=\"\" class=\"wp-image-166\" srcset=\"https:\/\/akademiajudogliwice.pl\/wp-content\/uploads\/2025\/03\/481008257_122223949058028685_972187865497818889_n-1024x768.jpg 1024w, https:\/\/akademiajudogliwice.pl\/wp-content\/uploads\/2025\/03\/481008257_122223949058028685_972187865497818889_n-300x225.jpg 300w, https:\/\/akademiajudogliwice.pl\/wp-content\/uploads\/2025\/03\/481008257_122223949058028685_972187865497818889_n-768x576.jpg 768w, https:\/\/akademiajudogliwice.pl\/wp-content\/uploads\/2025\/03\/481008257_122223949058028685_972187865497818889_n-1536x1152.jpg 1536w, https:\/\/akademiajudogliwice.pl\/wp-content\/uploads\/2025\/03\/481008257_122223949058028685_972187865497818889_n.jpg 1600w\" sizes=\"auto, (max-width: 1024px) 100vw, 1024px\" \/><\/figure>\n\n\n\n<figure class=\"wp-block-image size-large\"><img loading=\"lazy\" decoding=\"async\" width=\"577\" height=\"1024\" data-id=\"167\" src=\"https:\/\/akademiajudogliwice.pl\/wp-content\/uploads\/2025\/03\/434197258_122165692928028685_10582005843727831_n-1-577x1024.jpg\" alt=\"\" class=\"wp-image-167\" srcset=\"https:\/\/akademiajudogliwice.pl\/wp-content\/uploads\/2025\/03\/434197258_122165692928028685_10582005843727831_n-1-577x1024.jpg 577w, https:\/\/akademiajudogliwice.pl\/wp-content\/uploads\/2025\/03\/434197258_122165692928028685_10582005843727831_n-1-169x300.jpg 169w, https:\/\/akademiajudogliwice.pl\/wp-content\/uploads\/2025\/03\/434197258_122165692928028685_10582005843727831_n-1-768x1364.jpg 768w, https:\/\/akademiajudogliwice.pl\/wp-content\/uploads\/2025\/03\/434197258_122165692928028685_10582005843727831_n-1-865x1536.jpg 865w, https:\/\/akademiajudogliwice.pl\/wp-content\/uploads\/2025\/03\/434197258_122165692928028685_10582005843727831_n-1.jpg 1153w\" sizes=\"auto, (max-width: 577px) 100vw, 577px\" \/><\/figure>\n\n\n\n<figure class=\"wp-block-image size-large\"><img loading=\"lazy\" decoding=\"async\" width=\"577\" height=\"1024\" data-id=\"168\" src=\"https:\/\/akademiajudogliwice.pl\/wp-content\/uploads\/2025\/03\/428601321_122158819610028685_3355429759871302900_n-577x1024.jpg\" alt=\"\" class=\"wp-image-168\" srcset=\"https:\/\/akademiajudogliwice.pl\/wp-content\/uploads\/2025\/03\/428601321_122158819610028685_3355429759871302900_n-577x1024.jpg 577w, https:\/\/akademiajudogliwice.pl\/wp-content\/uploads\/2025\/03\/428601321_122158819610028685_3355429759871302900_n-169x300.jpg 169w, https:\/\/akademiajudogliwice.pl\/wp-content\/uploads\/2025\/03\/428601321_122158819610028685_3355429759871302900_n-768x1364.jpg 768w, https:\/\/akademiajudogliwice.pl\/wp-content\/uploads\/2025\/03\/428601321_122158819610028685_3355429759871302900_n-865x1536.jpg 865w, https:\/\/akademiajudogliwice.pl\/wp-content\/uploads\/2025\/03\/428601321_122158819610028685_3355429759871302900_n.jpg 1153w\" sizes=\"auto, (max-width: 577px) 100vw, 577px\" \/><\/figure>\n\n\n\n<figure class=\"wp-block-image size-large\"><img loading=\"lazy\" decoding=\"async\" width=\"1024\" height=\"742\" data-id=\"169\" src=\"https:\/\/akademiajudogliwice.pl\/wp-content\/uploads\/2025\/03\/mm-1024x742.jpg\" alt=\"\" class=\"wp-image-169\" srcset=\"https:\/\/akademiajudogliwice.pl\/wp-content\/uploads\/2025\/03\/mm-1024x742.jpg 1024w, https:\/\/akademiajudogliwice.pl\/wp-content\/uploads\/2025\/03\/mm-300x217.jpg 300w, https:\/\/akademiajudogliwice.pl\/wp-content\/uploads\/2025\/03\/mm-768x556.jpg 768w, https:\/\/akademiajudogliwice.pl\/wp-content\/uploads\/2025\/03\/mm-1536x1112.jpg 1536w, https:\/\/akademiajudogliwice.pl\/wp-content\/uploads\/2025\/03\/mm.jpg 2005w\" sizes=\"auto, (max-width: 1024px) 100vw, 1024px\" \/><\/figure>\n\n\n\n<figure class=\"wp-block-image size-large\"><img loading=\"lazy\" decoding=\"async\" width=\"1024\" height=\"461\" data-id=\"170\" src=\"https:\/\/akademiajudogliwice.pl\/wp-content\/uploads\/2025\/03\/354266699_741342567792726_3083207433948359621_n-1024x461.jpg\" alt=\"\" class=\"wp-image-170\" srcset=\"https:\/\/akademiajudogliwice.pl\/wp-content\/uploads\/2025\/03\/354266699_741342567792726_3083207433948359621_n-1024x461.jpg 1024w, https:\/\/akademiajudogliwice.pl\/wp-content\/uploads\/2025\/03\/354266699_741342567792726_3083207433948359621_n-300x135.jpg 300w, https:\/\/akademiajudogliwice.pl\/wp-content\/uploads\/2025\/03\/354266699_741342567792726_3083207433948359621_n-768x346.jpg 768w, https:\/\/akademiajudogliwice.pl\/wp-content\/uploads\/2025\/03\/354266699_741342567792726_3083207433948359621_n-1536x692.jpg 1536w, https:\/\/akademiajudogliwice.pl\/wp-content\/uploads\/2025\/03\/354266699_741342567792726_3083207433948359621_n.jpg 2048w\" sizes=\"auto, (max-width: 1024px) 100vw, 1024px\" \/><\/figure>\n\n\n\n<figure class=\"wp-block-image size-large\"><img loading=\"lazy\" decoding=\"async\" width=\"1024\" height=\"461\" data-id=\"171\" src=\"https:\/\/akademiajudogliwice.pl\/wp-content\/uploads\/2025\/03\/355353462_741982087728774_6235640695354053929_n-1024x461.jpg\" alt=\"\" class=\"wp-image-171\" srcset=\"https:\/\/akademiajudogliwice.pl\/wp-content\/uploads\/2025\/03\/355353462_741982087728774_6235640695354053929_n-1024x461.jpg 1024w, https:\/\/akademiajudogliwice.pl\/wp-content\/uploads\/2025\/03\/355353462_741982087728774_6235640695354053929_n-300x135.jpg 300w, https:\/\/akademiajudogliwice.pl\/wp-content\/uploads\/2025\/03\/355353462_741982087728774_6235640695354053929_n-768x346.jpg 768w, https:\/\/akademiajudogliwice.pl\/wp-content\/uploads\/2025\/03\/355353462_741982087728774_6235640695354053929_n-1536x692.jpg 1536w, https:\/\/akademiajudogliwice.pl\/wp-content\/uploads\/2025\/03\/355353462_741982087728774_6235640695354053929_n.jpg 2048w\" sizes=\"auto, (max-width: 1024px) 100vw, 1024px\" \/><\/figure>\n\n\n\n<figure class=\"wp-block-image size-large\"><img loading=\"lazy\" decoding=\"async\" width=\"1024\" height=\"461\" data-id=\"172\" src=\"https:\/\/akademiajudogliwice.pl\/wp-content\/uploads\/2025\/03\/357744354_745583894035260_6170350302571895464_n-1024x461.jpg\" alt=\"\" class=\"wp-image-172\" srcset=\"https:\/\/akademiajudogliwice.pl\/wp-content\/uploads\/2025\/03\/357744354_745583894035260_6170350302571895464_n-1024x461.jpg 1024w, https:\/\/akademiajudogliwice.pl\/wp-content\/uploads\/2025\/03\/357744354_745583894035260_6170350302571895464_n-300x135.jpg 300w, https:\/\/akademiajudogliwice.pl\/wp-content\/uploads\/2025\/03\/357744354_745583894035260_6170350302571895464_n-768x346.jpg 768w, https:\/\/akademiajudogliwice.pl\/wp-content\/uploads\/2025\/03\/357744354_745583894035260_6170350302571895464_n-1536x692.jpg 1536w, https:\/\/akademiajudogliwice.pl\/wp-content\/uploads\/2025\/03\/357744354_745583894035260_6170350302571895464_n.jpg 2048w\" sizes=\"auto, (max-width: 1024px) 100vw, 1024px\" \/><\/figure>\n\n\n\n<figure class=\"wp-block-image size-large\"><img loading=\"lazy\" decoding=\"async\" width=\"1024\" height=\"461\" data-id=\"173\" src=\"https:\/\/akademiajudogliwice.pl\/wp-content\/uploads\/2025\/03\/357428219_744464400813876_4316641448840738251_n-1024x461.jpg\" alt=\"\" class=\"wp-image-173\" srcset=\"https:\/\/akademiajudogliwice.pl\/wp-content\/uploads\/2025\/03\/357428219_744464400813876_4316641448840738251_n-1024x461.jpg 1024w, https:\/\/akademiajudogliwice.pl\/wp-content\/uploads\/2025\/03\/357428219_744464400813876_4316641448840738251_n-300x135.jpg 300w, https:\/\/akademiajudogliwice.pl\/wp-content\/uploads\/2025\/03\/357428219_744464400813876_4316641448840738251_n-768x346.jpg 768w, https:\/\/akademiajudogliwice.pl\/wp-content\/uploads\/2025\/03\/357428219_744464400813876_4316641448840738251_n-1536x692.jpg 1536w, https:\/\/akademiajudogliwice.pl\/wp-content\/uploads\/2025\/03\/357428219_744464400813876_4316641448840738251_n.jpg 2048w\" sizes=\"auto, (max-width: 1024px) 100vw, 1024px\" \/><\/figure>\n\n\n\n<figure class=\"wp-block-image size-large\"><img loading=\"lazy\" decoding=\"async\" width=\"1024\" height=\"461\" data-id=\"174\" src=\"https:\/\/akademiajudogliwice.pl\/wp-content\/uploads\/2025\/03\/357128593_744464307480552_6663712625491981099_n-1024x461.jpg\" alt=\"\" class=\"wp-image-174\" srcset=\"https:\/\/akademiajudogliwice.pl\/wp-content\/uploads\/2025\/03\/357128593_744464307480552_6663712625491981099_n-1024x461.jpg 1024w, https:\/\/akademiajudogliwice.pl\/wp-content\/uploads\/2025\/03\/357128593_744464307480552_6663712625491981099_n-300x135.jpg 300w, https:\/\/akademiajudogliwice.pl\/wp-content\/uploads\/2025\/03\/357128593_744464307480552_6663712625491981099_n-768x346.jpg 768w, https:\/\/akademiajudogliwice.pl\/wp-content\/uploads\/2025\/03\/357128593_744464307480552_6663712625491981099_n-1536x692.jpg 1536w, https:\/\/akademiajudogliwice.pl\/wp-content\/uploads\/2025\/03\/357128593_744464307480552_6663712625491981099_n.jpg 2048w\" sizes=\"auto, (max-width: 1024px) 100vw, 1024px\" \/><\/figure>\n<\/figure>\n","protected":false},"excerpt":{"rendered":"","protected":false},"author":1,"featured_media":0,"parent":0,"menu_order":0,"comment_status":"closed","ping_status":"closed","template":"","meta":{"footnotes":""},"class_list":["post-165","page","type-page","status-publish","hentry"],"yoast_head":"<!-- This site is optimized with the Yoast SEO plugin v26.8 - https:\/\/yoast.com\/product\/yoast-seo-wordpress\/ -->\n<title>Galeria - Akademia Judo Gliwice<\/title>\n<meta name=\"description\" content=\"Najlepszym si\u0119 stajesz, a nie rodzisz\u201d to my\u015bl przewodnia naszego klubu. Akademia to miejsce gdzie nie tylko wa\u017cny jest sport, ale przede wszystkim rozw\u00f3j fizyczny i mentalny. Nasz\u0105 pasj\u0105 do judo i sportu chcemy zarazi\u0107 dzieci i m\u0142odzie\u017c, a tak\u017ce doros\u0142ych \u2013 chcemy wsp\u00f3lnie stworzy\u0107 sportow\u0105 rodzin\u0119!\" \/>\n<meta name=\"robots\" content=\"index, follow, max-snippet:-1, max-image-preview:large, max-video-preview:-1\" \/>\n<link rel=\"canonical\" href=\"https:\/\/akademiajudogliwice.pl\/index.php\/galeria\/\" \/>\n<meta property=\"og:locale\" content=\"pl_PL\" \/>\n<meta property=\"og:type\" content=\"article\" \/>\n<meta property=\"og:title\" content=\"Galeria - Akademia Judo Gliwice\" \/>\n<meta property=\"og:description\" content=\"Najlepszym si\u0119 stajesz, a nie rodzisz\u201d to my\u015bl przewodnia naszego klubu. Akademia to miejsce gdzie nie tylko wa\u017cny jest sport, ale przede wszystkim rozw\u00f3j fizyczny i mentalny. Nasz\u0105 pasj\u0105 do judo i sportu chcemy zarazi\u0107 dzieci i m\u0142odzie\u017c, a tak\u017ce doros\u0142ych \u2013 chcemy wsp\u00f3lnie stworzy\u0107 sportow\u0105 rodzin\u0119!\" \/>\n<meta property=\"og:url\" content=\"https:\/\/akademiajudogliwice.pl\/index.php\/galeria\/\" \/>\n<meta property=\"og:site_name\" content=\"Akademia Judo Gliwice\" \/>\n<meta property=\"article:publisher\" content=\"https:\/\/www.facebook.com\/profile.php?id=61550860551489\" \/>\n<meta property=\"og:image\" content=\"https:\/\/akademiajudogliwice.pl\/wp-content\/uploads\/2025\/03\/469203607_122211560168028685_7059668964385668855_n-1-768x1024.jpg\" \/>\n<meta name=\"twitter:card\" content=\"summary_large_image\" \/>\n<meta name=\"twitter:label1\" content=\"Szacowany czas czytania\" \/>\n\t<meta name=\"twitter:data1\" content=\"4 minuty\" \/>\n<script type=\"application\/ld+json\" class=\"yoast-schema-graph\">{\"@context\":\"https:\/\/schema.org\",\"@graph\":[{\"@type\":\"WebPage\",\"@id\":\"https:\/\/akademiajudogliwice.pl\/index.php\/galeria\/\",\"url\":\"https:\/\/akademiajudogliwice.pl\/index.php\/galeria\/\",\"name\":\"Galeria - Akademia Judo Gliwice\",\"isPartOf\":{\"@id\":\"http:\/\/akademiajudogliwice.pl\/#website\"},\"primaryImageOfPage\":{\"@id\":\"https:\/\/akademiajudogliwice.pl\/index.php\/galeria\/#primaryimage\"},\"image\":{\"@id\":\"https:\/\/akademiajudogliwice.pl\/index.php\/galeria\/#primaryimage\"},\"thumbnailUrl\":\"https:\/\/akademiajudogliwice.pl\/wp-content\/uploads\/2025\/03\/469203607_122211560168028685_7059668964385668855_n-1-768x1024.jpg\",\"datePublished\":\"2025-03-14T21:20:09+00:00\",\"description\":\"Najlepszym si\u0119 stajesz, a nie rodzisz\u201d to my\u015bl przewodnia naszego klubu. Akademia to miejsce gdzie nie tylko wa\u017cny jest sport, ale przede wszystkim rozw\u00f3j fizyczny i mentalny. Nasz\u0105 pasj\u0105 do judo i sportu chcemy zarazi\u0107 dzieci i m\u0142odzie\u017c, a tak\u017ce doros\u0142ych \u2013 chcemy wsp\u00f3lnie stworzy\u0107 sportow\u0105 rodzin\u0119!\",\"breadcrumb\":{\"@id\":\"https:\/\/akademiajudogliwice.pl\/index.php\/galeria\/#breadcrumb\"},\"inLanguage\":\"pl-PL\",\"potentialAction\":[{\"@type\":\"ReadAction\",\"target\":[\"https:\/\/akademiajudogliwice.pl\/index.php\/galeria\/\"]}]},{\"@type\":\"ImageObject\",\"inLanguage\":\"pl-PL\",\"@id\":\"https:\/\/akademiajudogliwice.pl\/index.php\/galeria\/#primaryimage\",\"url\":\"https:\/\/akademiajudogliwice.pl\/wp-content\/uploads\/2025\/03\/469203607_122211560168028685_7059668964385668855_n-1.jpg\",\"contentUrl\":\"https:\/\/akademiajudogliwice.pl\/wp-content\/uploads\/2025\/03\/469203607_122211560168028685_7059668964385668855_n-1.jpg\",\"width\":1536,\"height\":2048},{\"@type\":\"BreadcrumbList\",\"@id\":\"https:\/\/akademiajudogliwice.pl\/index.php\/galeria\/#breadcrumb\",\"itemListElement\":[{\"@type\":\"ListItem\",\"position\":1,\"name\":\"Strona g\u0142\u00f3wna\",\"item\":\"http:\/\/akademiajudogliwice.pl\/\"},{\"@type\":\"ListItem\",\"position\":2,\"name\":\"Galeria\"}]},{\"@type\":\"WebSite\",\"@id\":\"http:\/\/akademiajudogliwice.pl\/#website\",\"url\":\"http:\/\/akademiajudogliwice.pl\/\",\"name\":\"Akademia Judo Gliwice\",\"description\":\"Oficjalna strona klubu judo: Stowarzyszenie Akademia Sportowa Gliwice\",\"publisher\":{\"@id\":\"http:\/\/akademiajudogliwice.pl\/#organization\"},\"potentialAction\":[{\"@type\":\"SearchAction\",\"target\":{\"@type\":\"EntryPoint\",\"urlTemplate\":\"http:\/\/akademiajudogliwice.pl\/?s={search_term_string}\"},\"query-input\":{\"@type\":\"PropertyValueSpecification\",\"valueRequired\":true,\"valueName\":\"search_term_string\"}}],\"inLanguage\":\"pl-PL\"},{\"@type\":\"Organization\",\"@id\":\"http:\/\/akademiajudogliwice.pl\/#organization\",\"name\":\"Akademia Judo Gliwice\",\"url\":\"http:\/\/akademiajudogliwice.pl\/\",\"logo\":{\"@type\":\"ImageObject\",\"inLanguage\":\"pl-PL\",\"@id\":\"http:\/\/akademiajudogliwice.pl\/#\/schema\/logo\/image\/\",\"url\":\"https:\/\/akademiajudogliwice.pl\/wp-content\/uploads\/2025\/03\/akademia-judo-gliwice-logo.png\",\"contentUrl\":\"https:\/\/akademiajudogliwice.pl\/wp-content\/uploads\/2025\/03\/akademia-judo-gliwice-logo.png\",\"width\":939,\"height\":855,\"caption\":\"Akademia Judo Gliwice\"},\"image\":{\"@id\":\"http:\/\/akademiajudogliwice.pl\/#\/schema\/logo\/image\/\"},\"sameAs\":[\"https:\/\/www.facebook.com\/profile.php?id=61550860551489\"]}]}<\/script>\n<!-- \/ Yoast SEO plugin. -->","yoast_head_json":{"title":"Galeria - Akademia Judo Gliwice","description":"Najlepszym si\u0119 stajesz, a nie rodzisz\u201d to my\u015bl przewodnia naszego klubu. Akademia to miejsce gdzie nie tylko wa\u017cny jest sport, ale przede wszystkim rozw\u00f3j fizyczny i mentalny. Nasz\u0105 pasj\u0105 do judo i sportu chcemy zarazi\u0107 dzieci i m\u0142odzie\u017c, a tak\u017ce doros\u0142ych \u2013 chcemy wsp\u00f3lnie stworzy\u0107 sportow\u0105 rodzin\u0119!","robots":{"index":"index","follow":"follow","max-snippet":"max-snippet:-1","max-image-preview":"max-image-preview:large","max-video-preview":"max-video-preview:-1"},"canonical":"https:\/\/akademiajudogliwice.pl\/index.php\/galeria\/","og_locale":"pl_PL","og_type":"article","og_title":"Galeria - Akademia Judo Gliwice","og_description":"Najlepszym si\u0119 stajesz, a nie rodzisz\u201d to my\u015bl przewodnia naszego klubu. Akademia to miejsce gdzie nie tylko wa\u017cny jest sport, ale przede wszystkim rozw\u00f3j fizyczny i mentalny. Nasz\u0105 pasj\u0105 do judo i sportu chcemy zarazi\u0107 dzieci i m\u0142odzie\u017c, a tak\u017ce doros\u0142ych \u2013 chcemy wsp\u00f3lnie stworzy\u0107 sportow\u0105 rodzin\u0119!","og_url":"https:\/\/akademiajudogliwice.pl\/index.php\/galeria\/","og_site_name":"Akademia Judo Gliwice","article_publisher":"https:\/\/www.facebook.com\/profile.php?id=61550860551489","og_image":[{"url":"https:\/\/akademiajudogliwice.pl\/wp-content\/uploads\/2025\/03\/469203607_122211560168028685_7059668964385668855_n-1-768x1024.jpg","type":"","width":"","height":""}],"twitter_card":"summary_large_image","twitter_misc":{"Szacowany czas czytania":"4 minuty"},"schema":{"@context":"https:\/\/schema.org","@graph":[{"@type":"WebPage","@id":"https:\/\/akademiajudogliwice.pl\/index.php\/galeria\/","url":"https:\/\/akademiajudogliwice.pl\/index.php\/galeria\/","name":"Galeria - Akademia Judo Gliwice","isPartOf":{"@id":"http:\/\/akademiajudogliwice.pl\/#website"},"primaryImageOfPage":{"@id":"https:\/\/akademiajudogliwice.pl\/index.php\/galeria\/#primaryimage"},"image":{"@id":"https:\/\/akademiajudogliwice.pl\/index.php\/galeria\/#primaryimage"},"thumbnailUrl":"https:\/\/akademiajudogliwice.pl\/wp-content\/uploads\/2025\/03\/469203607_122211560168028685_7059668964385668855_n-1-768x1024.jpg","datePublished":"2025-03-14T21:20:09+00:00","description":"Najlepszym si\u0119 stajesz, a nie rodzisz\u201d to my\u015bl przewodnia naszego klubu. Akademia to miejsce gdzie nie tylko wa\u017cny jest sport, ale przede wszystkim rozw\u00f3j fizyczny i mentalny. Nasz\u0105 pasj\u0105 do judo i sportu chcemy zarazi\u0107 dzieci i m\u0142odzie\u017c, a tak\u017ce doros\u0142ych \u2013 chcemy wsp\u00f3lnie stworzy\u0107 sportow\u0105 rodzin\u0119!","breadcrumb":{"@id":"https:\/\/akademiajudogliwice.pl\/index.php\/galeria\/#breadcrumb"},"inLanguage":"pl-PL","potentialAction":[{"@type":"ReadAction","target":["https:\/\/akademiajudogliwice.pl\/index.php\/galeria\/"]}]},{"@type":"ImageObject","inLanguage":"pl-PL","@id":"https:\/\/akademiajudogliwice.pl\/index.php\/galeria\/#primaryimage","url":"https:\/\/akademiajudogliwice.pl\/wp-content\/uploads\/2025\/03\/469203607_122211560168028685_7059668964385668855_n-1.jpg","contentUrl":"https:\/\/akademiajudogliwice.pl\/wp-content\/uploads\/2025\/03\/469203607_122211560168028685_7059668964385668855_n-1.jpg","width":1536,"height":2048},{"@type":"BreadcrumbList","@id":"https:\/\/akademiajudogliwice.pl\/index.php\/galeria\/#breadcrumb","itemListElement":[{"@type":"ListItem","position":1,"name":"Strona g\u0142\u00f3wna","item":"http:\/\/akademiajudogliwice.pl\/"},{"@type":"ListItem","position":2,"name":"Galeria"}]},{"@type":"WebSite","@id":"http:\/\/akademiajudogliwice.pl\/#website","url":"http:\/\/akademiajudogliwice.pl\/","name":"Akademia Judo Gliwice","description":"Oficjalna strona klubu judo: Stowarzyszenie Akademia Sportowa Gliwice","publisher":{"@id":"http:\/\/akademiajudogliwice.pl\/#organization"},"potentialAction":[{"@type":"SearchAction","target":{"@type":"EntryPoint","urlTemplate":"http:\/\/akademiajudogliwice.pl\/?s={search_term_string}"},"query-input":{"@type":"PropertyValueSpecification","valueRequired":true,"valueName":"search_term_string"}}],"inLanguage":"pl-PL"},{"@type":"Organization","@id":"http:\/\/akademiajudogliwice.pl\/#organization","name":"Akademia Judo Gliwice","url":"http:\/\/akademiajudogliwice.pl\/","logo":{"@type":"ImageObject","inLanguage":"pl-PL","@id":"http:\/\/akademiajudogliwice.pl\/#\/schema\/logo\/image\/","url":"https:\/\/akademiajudogliwice.pl\/wp-content\/uploads\/2025\/03\/akademia-judo-gliwice-logo.png","contentUrl":"https:\/\/akademiajudogliwice.pl\/wp-content\/uploads\/2025\/03\/akademia-judo-gliwice-logo.png","width":939,"height":855,"caption":"Akademia Judo Gliwice"},"image":{"@id":"http:\/\/akademiajudogliwice.pl\/#\/schema\/logo\/image\/"},"sameAs":["https:\/\/www.facebook.com\/profile.php?id=61550860551489"]}]}},"_links":{"self":[{"href":"https:\/\/akademiajudogliwice.pl\/index.php\/wp-json\/wp\/v2\/pages\/165","targetHints":{"allow":["GET"]}}],"collection":[{"href":"https:\/\/akademiajudogliwice.pl\/index.php\/wp-json\/wp\/v2\/pages"}],"about":[{"href":"https:\/\/akademiajudogliwice.pl\/index.php\/wp-json\/wp\/v2\/types\/page"}],"author":[{"embeddable":true,"href":"https:\/\/akademiajudogliwice.pl\/index.php\/wp-json\/wp\/v2\/users\/1"}],"replies":[{"embeddable":true,"href":"https:\/\/akademiajudogliwice.pl\/index.php\/wp-json\/wp\/v2\/comments?post=165"}],"version-history":[{"count":1,"href":"https:\/\/akademiajudogliwice.pl\/index.php\/wp-json\/wp\/v2\/pages\/165\/revisions"}],"predecessor-version":[{"id":175,"href":"https:\/\/akademiajudogliwice.pl\/index.php\/wp-json\/wp\/v2\/pages\/165\/revisions\/175"}],"wp:attachment":[{"href":"https:\/\/akademiajudogliwice.pl\/index.php\/wp-json\/wp\/v2\/media?parent=165"}],"curies":[{"name":"wp","href":"https:\/\/api.w.org\/{rel}","templated":true}]}}